{"id":316,"date":"2024-07-16T22:07:09","date_gmt":"2024-07-17T01:07:09","guid":{"rendered":"https:\/\/www.psd-rs.org.br\/website\/?page_id=316"},"modified":"2024-07-22T17:58:51","modified_gmt":"2024-07-22T20:58:51","slug":"novidades","status":"publish","type":"page","link":"https:\/\/www.psd-rs.org.br\/website\/novidades\/","title":{"rendered":"Novidades"},"content":{"rendered":"<div class=\"pexeto-recent-posts rp-columns\"><h3 class=\"rp-title\">Not\u00edcias<\/h3><div class=\"cols-wrapper cols-3\"><div class=\"col rp\"><div class=\"rp-header\"><a href=\"https:\/\/www.psd-rs.org.br\/website\/psd-filia-mais-3-deputados-estaduais-e-bancada-passa-a-ser-a-segunda-maior-da-assembleia-legislativa\/\"><img decoding=\"async\" src=\"https:\/\/www.psd-rs.org.br\/website\/wp-content\/uploads\/2026\/03\/tonetto02.JPG-scaled-370x200.jpeg\" alt=\"\" \/><\/a><\/div><h4 class=\"rp-post-title\"><a href=\"https:\/\/www.psd-rs.org.br\/website\/psd-filia-mais-3-deputados-estaduais-e-bancada-passa-a-ser-a-segunda-maior-da-assembleia-legislativa\/\">PSD filia mais 3 deputados estaduais e bancada passa a ser a segunda maior da Assembleia Legislativa<\/a><\/h4><p>O PSD filiou na noite deste domingo (29), em Porto Alegre, mais tr\u00eas deputados estaduais. S\u00e3o eles: Ernani Polo e [&hellip;]<\/p><a class=\"read-more\" href=\"https:\/\/www.psd-rs.org.br\/website\/psd-filia-mais-3-deputados-estaduais-e-bancada-passa-a-ser-a-segunda-maior-da-assembleia-legislativa\/\">Read More <span class=\"more-arrow\">&rsaquo;<\/span><\/a><\/div><div class=\"col rp\"><div class=\"rp-header\"><a href=\"https:\/\/www.psd-rs.org.br\/website\/psd-rs-realiza-grande-ato-de-filiacao-em-porto-alegre\/\"><img decoding=\"async\" src=\"https:\/\/www.psd-rs.org.br\/website\/wp-content\/uploads\/2026\/03\/foto-para-materia-370x200.jpeg\" alt=\"PSD-RS realiza grande ato de filia\u00e7\u00e3o em Porto Alegre\" \/><\/a><\/div><h4 class=\"rp-post-title\"><a href=\"https:\/\/www.psd-rs.org.br\/website\/psd-rs-realiza-grande-ato-de-filiacao-em-porto-alegre\/\">PSD-RS realiza grande ato de filia\u00e7\u00f5es em Porto Alegre<\/a><\/h4><p>O PSD promoveu no s\u00e1bado, 21 de mar\u00e7o, em Porto Alegre, um grande ato de filia\u00e7\u00f5es que reuniu lideran\u00e7as de [&hellip;]<\/p><a class=\"read-more\" href=\"https:\/\/www.psd-rs.org.br\/website\/psd-rs-realiza-grande-ato-de-filiacao-em-porto-alegre\/\">Read More <span class=\"more-arrow\">&rsaquo;<\/span><\/a><\/div><div class=\"col rp nomargin\"><div class=\"rp-header\"><a href=\"https:\/\/www.psd-rs.org.br\/website\/secretaria-estadual-de-relacoes-institucionais-paula-mascarenhas-filia-se-ao-psd\/\"><img decoding=\"async\" src=\"https:\/\/www.psd-rs.org.br\/website\/wp-content\/uploads\/2026\/03\/paula-370x200.jpg\" alt=\"Secret\u00e1ria estadual de Rela\u00e7\u00f5es Institucionais Paula Mascarenhas filia-se ao PSD\" \/><\/a><\/div><h4 class=\"rp-post-title\"><a href=\"https:\/\/www.psd-rs.org.br\/website\/secretaria-estadual-de-relacoes-institucionais-paula-mascarenhas-filia-se-ao-psd\/\">Secret\u00e1ria estadual de Rela\u00e7\u00f5es Institucionais Paula Mascarenhas filia-se ao PSD<\/a><\/h4><p>Em evento que reuniu cerca de mil pessoas no CTG Thomaz Luiz Os\u00f3rio, em Pelotas, na noite de s\u00e1bado (28), [&hellip;]<\/p><a class=\"read-more\" href=\"https:\/\/www.psd-rs.org.br\/website\/secretaria-estadual-de-relacoes-institucionais-paula-mascarenhas-filia-se-ao-psd\/\">Read More <span class=\"more-arrow\">&rsaquo;<\/span><\/a><\/div><\/div><div class=\"cols-wrapper cols-3\"><div class=\"col rp\"><div class=\"rp-header\"><a href=\"https:\/\/www.psd-rs.org.br\/website\/eduardo-leite-e-pedro-almeida-consolidam-concessao-para-modernizar-o-aeroporto-de-passo-fundo\/\"><img decoding=\"async\" src=\"https:\/\/www.psd-rs.org.br\/website\/wp-content\/uploads\/2026\/02\/gov-e-pedro-aeroporto-370x200.jpeg\" alt=\"Eduardo Leite e Pedro Almeida consolidam concess\u00e3o para modernizar o Aeroporto de Passo Fundo\" \/><\/a><\/div><h4 class=\"rp-post-title\"><a href=\"https:\/\/www.psd-rs.org.br\/website\/eduardo-leite-e-pedro-almeida-consolidam-concessao-para-modernizar-o-aeroporto-de-passo-fundo\/\">Eduardo Leite e Pedro Almeida consolidam concess\u00e3o para modernizar o Aeroporto de Passo Fundo<\/a><\/h4><p>O Governo do Estado, liderado pelo governador Eduardo Leite (PSD), oficializou a concess\u00e3o dos aeroportos de Passo Fundo e Santo [&hellip;]<\/p><a class=\"read-more\" href=\"https:\/\/www.psd-rs.org.br\/website\/eduardo-leite-e-pedro-almeida-consolidam-concessao-para-modernizar-o-aeroporto-de-passo-fundo\/\">Read More <span class=\"more-arrow\">&rsaquo;<\/span><\/a><\/div><div class=\"col rp\"><div class=\"rp-header\"><a href=\"https:\/\/www.psd-rs.org.br\/website\/fabia-richter-e-secretario-da-justica-formalizam-transferencia-de-coordenacao-do-selo-emfrente-mulher\/\"><img decoding=\"async\" src=\"https:\/\/www.psd-rs.org.br\/website\/wp-content\/uploads\/2026\/01\/fabiaselo1-e1769634631643-370x200.webp\" alt=\"\" \/><\/a><\/div><h4 class=\"rp-post-title\"><a href=\"https:\/\/www.psd-rs.org.br\/website\/fabia-richter-e-secretario-da-justica-formalizam-transferencia-de-coordenacao-do-selo-emfrente-mulher\/\">F\u00e1bia Richter e secret\u00e1rio da Justi\u00e7a formalizam transfer\u00eancia de coordena\u00e7\u00e3o do Selo EmFrente, Mulher<\/a><\/h4><p>No dia 27 de janeiro, foi assinado, na Sala do RS Seguro, o of\u00edcio com a minuta de altera\u00e7\u00e3o do [&hellip;]<\/p><a class=\"read-more\" href=\"https:\/\/www.psd-rs.org.br\/website\/fabia-richter-e-secretario-da-justica-formalizam-transferencia-de-coordenacao-do-selo-emfrente-mulher\/\">Read More <span class=\"more-arrow\">&rsaquo;<\/span><\/a><\/div><div class=\"col rp nomargin\"><div class=\"rp-header\"><a href=\"https:\/\/www.psd-rs.org.br\/website\/governador-eduardo-leite-e-prefeito-rodrigo-decimo-anunciam-r-10-milhoes-para-revitalizar-o-clube-dos-ferroviarios-em-santa-maria\/\"><img decoding=\"async\" src=\"https:\/\/www.psd-rs.org.br\/website\/wp-content\/uploads\/2026\/01\/SANTAMARIA-370x200.jpg\" alt=\"Conv\u00eanio Clube dos Ferrovi\u00e1rios\" \/><\/a><\/div><h4 class=\"rp-post-title\"><a href=\"https:\/\/www.psd-rs.org.br\/website\/governador-eduardo-leite-e-prefeito-rodrigo-decimo-anunciam-r-10-milhoes-para-revitalizar-o-clube-dos-ferroviarios-em-santa-maria\/\">Governador Eduardo Leite e prefeito Rodrigo Decimo: R$ 10 mi para reforma de patrim\u00f4nio hist\u00f3rico em Santa Maria<\/a><\/h4><p>Foi assinado, na \u00faltima semana, o Termo de Conv\u00eanio para a execu\u00e7\u00e3o do projeto de requalifica\u00e7\u00e3o da Antiga Associa\u00e7\u00e3o dos [&hellip;]<\/p><a class=\"read-more\" href=\"https:\/\/www.psd-rs.org.br\/website\/governador-eduardo-leite-e-prefeito-rodrigo-decimo-anunciam-r-10-milhoes-para-revitalizar-o-clube-dos-ferroviarios-em-santa-maria\/\">Read More <span class=\"more-arrow\">&rsaquo;<\/span><\/a><\/div><\/div><div class=\"cols-wrapper cols-3\"><div class=\"col rp\"><div class=\"rp-header\"><a href=\"https:\/\/www.psd-rs.org.br\/website\/secretaria-arita-bergmann-e-prefeito-de-julio-de-castilhos-discutem-ampliacao-de-ambulatorios-em-hospital-regional\/\"><img decoding=\"async\" src=\"https:\/\/www.psd-rs.org.br\/website\/wp-content\/uploads\/2026\/01\/arita-370x200.jpg\" alt=\"Secret\u00e1ria Arita Bergmann e prefeito de J\u00falio de Castilhos discutem amplia\u00e7\u00e3o de ambulat\u00f3rios em hospital regional\" \/><\/a><\/div><h4 class=\"rp-post-title\"><a href=\"https:\/\/www.psd-rs.org.br\/website\/secretaria-arita-bergmann-e-prefeito-de-julio-de-castilhos-discutem-ampliacao-de-ambulatorios-em-hospital-regional\/\">Secret\u00e1ria Arita Bergmann e prefeito de J\u00falio de Castilhos discutem amplia\u00e7\u00e3o em hospital regional<\/a><\/h4><p>A secret\u00e1ria estadual da Sa\u00fade, Arita Bergmann (PSD), reuniu-se na \u00faltima semana, em Porto Alegre, com o prefeito de J\u00falio [&hellip;]<\/p><a class=\"read-more\" href=\"https:\/\/www.psd-rs.org.br\/website\/secretaria-arita-bergmann-e-prefeito-de-julio-de-castilhos-discutem-ampliacao-de-ambulatorios-em-hospital-regional\/\">Read More <span class=\"more-arrow\">&rsaquo;<\/span><\/a><\/div><div class=\"col rp\"><div class=\"rp-header\"><a href=\"https:\/\/www.psd-rs.org.br\/website\/prefeita-de-santana-do-livramento-filia-se-ao-psd\/\"><img decoding=\"async\" src=\"https:\/\/www.psd-rs.org.br\/website\/wp-content\/uploads\/2025\/12\/filiacaoprefeita-370x200.png\" alt=\"Prefeita de Santana do Livramento filia-se ao PSD\" \/><\/a><\/div><h4 class=\"rp-post-title\"><a href=\"https:\/\/www.psd-rs.org.br\/website\/prefeita-de-santana-do-livramento-filia-se-ao-psd\/\">Prefeita de Santana do Livramento filia-se ao PSD<\/a><\/h4><p>Nesta quarta-feira, 17, a prefeita de Santana de Livramento, delegada Ana Tarouco, filiou-se ao PSD. O governador Eduardo Leite abonou [&hellip;]<\/p><a class=\"read-more\" href=\"https:\/\/www.psd-rs.org.br\/website\/prefeita-de-santana-do-livramento-filia-se-ao-psd\/\">Read More <span class=\"more-arrow\">&rsaquo;<\/span><\/a><\/div><div class=\"col rp nomargin\"><div class=\"rp-header\"><a href=\"https:\/\/www.psd-rs.org.br\/website\/arita-bergmann-formaliza-investimento-de-r-38-milhoes-do-governo-do-estado-para-o-hospital-arcanjo-sao-miguel\/\"><img decoding=\"async\" src=\"https:\/\/www.psd-rs.org.br\/website\/wp-content\/uploads\/2025\/12\/arita_investimento-e1765308968693-370x200.jpg\" alt=\"Arita Bergmann formaliza investimento de R$ 3,8 milh\u00f5es do Governo do Estado para o Hospital Arcanjo S\u00e3o Miguel\" \/><\/a><\/div><h4 class=\"rp-post-title\"><a href=\"https:\/\/www.psd-rs.org.br\/website\/arita-bergmann-formaliza-investimento-de-r-38-milhoes-do-governo-do-estado-para-o-hospital-arcanjo-sao-miguel\/\">Arita Bergmann formaliza investimento de R$ 3,8 milh\u00f5es do Governo do Estado para o Hospital Arcanjo S\u00e3o Miguel<\/a><\/h4><p>A secret\u00e1ria estadual da Sa\u00fade, Arita Begmann (PSD), assinou, nesta segunda-feira (8\/12), as portarias que autorizam a destina\u00e7\u00e3o de R$ [&hellip;]<\/p><a class=\"read-more\" href=\"https:\/\/www.psd-rs.org.br\/website\/arita-bergmann-formaliza-investimento-de-r-38-milhoes-do-governo-do-estado-para-o-hospital-arcanjo-sao-miguel\/\">Read More <span class=\"more-arrow\">&rsaquo;<\/span><\/a><\/div><\/div><\/div>\n","protected":false},"excerpt":{"rendered":"","protected":false},"author":1,"featured_media":0,"parent":0,"menu_order":0,"comment_status":"closed","ping_status":"closed","template":"","meta":{"footnotes":""},"class_list":["post-316","page","type-page","status-publish","hentry"],"_links":{"self":[{"href":"https:\/\/www.psd-rs.org.br\/website\/wp-json\/wp\/v2\/pages\/316"}],"collection":[{"href":"https:\/\/www.psd-rs.org.br\/website\/wp-json\/wp\/v2\/pages"}],"about":[{"href":"https:\/\/www.psd-rs.org.br\/website\/wp-json\/wp\/v2\/types\/page"}],"author":[{"embeddable":true,"href":"https:\/\/www.psd-rs.org.br\/website\/wp-json\/wp\/v2\/users\/1"}],"replies":[{"embeddable":true,"href":"https:\/\/www.psd-rs.org.br\/website\/wp-json\/wp\/v2\/comments?post=316"}],"version-history":[{"count":3,"href":"https:\/\/www.psd-rs.org.br\/website\/wp-json\/wp\/v2\/pages\/316\/revisions"}],"predecessor-version":[{"id":431,"href":"https:\/\/www.psd-rs.org.br\/website\/wp-json\/wp\/v2\/pages\/316\/revisions\/431"}],"wp:attachment":[{"href":"https:\/\/www.psd-rs.org.br\/website\/wp-json\/wp\/v2\/media?parent=316"}],"curies":[{"name":"wp","href":"https:\/\/api.w.org\/{rel}","templated":true}]}}