{"id":228,"date":"2024-06-27T22:20:11","date_gmt":"2024-06-28T01:20:11","guid":{"rendered":"https:\/\/www.psd-rs.org.br\/website\/?page_id=228"},"modified":"2026-01-16T13:57:45","modified_gmt":"2026-01-16T16:57:45","slug":"vice-prefeitos","status":"publish","type":"page","link":"https:\/\/www.psd-rs.org.br\/website\/vice-prefeitos\/","title":{"rendered":"Vice-Prefeitos"},"content":{"rendered":"<p><img loading=\"lazy\" decoding=\"async\" class=\"alignnone size-full wp-image-960 aligncenter\" src=\"https:\/\/www.psd-rs.org.br\/website\/wp-content\/uploads\/2025\/01\/barao-lauri.png\" alt=\"\" width=\"186\" height=\"170\" \/><\/p>\n<p style=\"text-align: center;\"><strong>BAR\u00c3O DE COTEGIPE<br \/>\n<\/strong>Lauri Sperotto<\/p>\n<p><img loading=\"lazy\" decoding=\"async\" class=\"wp-image-1829 aligncenter\" src=\"https:\/\/www.psd-rs.org.br\/website\/wp-content\/uploads\/2026\/01\/douglas-diesel-251x300.png\" alt=\"\" width=\"163\" height=\"195\" srcset=\"https:\/\/www.psd-rs.org.br\/website\/wp-content\/uploads\/2026\/01\/douglas-diesel-251x300.png 251w, https:\/\/www.psd-rs.org.br\/website\/wp-content\/uploads\/2026\/01\/douglas-diesel.png 490w\" sizes=\"(max-width: 163px) 100vw, 163px\" \/><\/p>\n<p style=\"text-align: center;\"><strong>BOM PROGRESSO<\/strong><br \/>\nDouglas Diesel<\/p>\n<p><img loading=\"lazy\" decoding=\"async\" class=\"wp-image-1831 aligncenter\" src=\"https:\/\/www.psd-rs.org.br\/website\/wp-content\/uploads\/2026\/01\/hailton-boeira.png\" alt=\"\" width=\"142\" height=\"184\" \/><\/p>\n<p style=\"text-align: center;\"><strong>CAMBAR\u00c1 DO SUL<\/strong><br \/>\nHailton Boeira<\/p>\n<p><img loading=\"lazy\" decoding=\"async\" class=\"alignnone wp-image-1833 aligncenter\" src=\"https:\/\/www.psd-rs.org.br\/website\/wp-content\/uploads\/2026\/01\/marcelo-gregorio-300x255.png\" alt=\"\" width=\"191\" height=\"163\" srcset=\"https:\/\/www.psd-rs.org.br\/website\/wp-content\/uploads\/2026\/01\/marcelo-gregorio-300x255.png 300w, https:\/\/www.psd-rs.org.br\/website\/wp-content\/uploads\/2026\/01\/marcelo-gregorio-768x653.png 768w, https:\/\/www.psd-rs.org.br\/website\/wp-content\/uploads\/2026\/01\/marcelo-gregorio.png 798w\" sizes=\"(max-width: 191px) 100vw, 191px\" \/><\/p>\n<p style=\"text-align: center;\"><strong>CANDIOTA<\/strong><br \/>\nMarcelo Greg\u00f3rio<\/p>\n<p style=\"text-align: center;\"><img loading=\"lazy\" decoding=\"async\" class=\"wp-image-962 aligncenter\" src=\"https:\/\/www.psd-rs.org.br\/website\/wp-content\/uploads\/2025\/01\/CAPAOLEAO-jeferson.png\" alt=\"\" width=\"187\" height=\"161\" \/><\/p>\n<p style=\"text-align: center;\"><strong>CAP\u00c3O DO LE\u00c3O<\/strong><br \/>\nJeferson Antuarte<\/p>\n<p style=\"text-align: center;\"><img loading=\"lazy\" decoding=\"async\" class=\"wp-image-963 aligncenter\" src=\"https:\/\/www.psd-rs.org.br\/website\/wp-content\/uploads\/2025\/01\/cerrogrande-do-su0-DUDAl-300x195.png\" alt=\"\" width=\"235\" height=\"153\" srcset=\"https:\/\/www.psd-rs.org.br\/website\/wp-content\/uploads\/2025\/01\/cerrogrande-do-su0-DUDAl-300x195.png 300w, https:\/\/www.psd-rs.org.br\/website\/wp-content\/uploads\/2025\/01\/cerrogrande-do-su0-DUDAl.png 386w\" sizes=\"(max-width: 235px) 100vw, 235px\" \/><\/p>\n<p style=\"text-align: center;\"><strong>CERRO GRANDE DO SUL<\/strong><br \/>\nDuda Tavares<\/p>\n<p style=\"text-align: center;\"><img loading=\"lazy\" decoding=\"async\" class=\"size-full wp-image-965 aligncenter\" src=\"https:\/\/www.psd-rs.org.br\/website\/wp-content\/uploads\/2025\/01\/MARATA-DIEGO-SCHU.png\" alt=\"\" width=\"167\" height=\"156\" \/><\/p>\n<p style=\"text-align: center;\"><strong>MARAT\u00c1<\/strong><br \/>\nDiego Schu<\/p>\n<p style=\"text-align: center;\"><img loading=\"lazy\" decoding=\"async\" class=\"wp-image-966 aligncenter\" src=\"https:\/\/www.psd-rs.org.br\/website\/wp-content\/uploads\/2025\/01\/VICE-EDISOM.png\" alt=\"\" width=\"197\" height=\"173\" \/><\/p>\n<p style=\"text-align: center;\"><strong>MARIANA PIMENTEL<\/strong><br \/>\nEdisom Barbosa<\/p>\n<p style=\"text-align: center;\"><img loading=\"lazy\" decoding=\"async\" class=\"size-full wp-image-967 aligncenter\" src=\"https:\/\/www.psd-rs.org.br\/website\/wp-content\/uploads\/2025\/01\/AMARILDO.png\" alt=\"\" width=\"200\" height=\"176\" \/><\/p>\n<p style=\"text-align: center;\"><strong>MU\u00c7UM<\/strong><br \/>\nAmarildo Baldasso<\/p>\n<p style=\"text-align: center;\"><img loading=\"lazy\" decoding=\"async\" class=\"size-full wp-image-969 aligncenter\" src=\"https:\/\/www.psd-rs.org.br\/website\/wp-content\/uploads\/2025\/01\/PAROBE-ADRIANO.png\" alt=\"\" width=\"235\" height=\"187\" \/><\/p>\n<p style=\"text-align: center;\"><strong>PAROB\u00c9<\/strong><br \/>\nAdriano Azeredo<\/p>\n<p><img loading=\"lazy\" decoding=\"async\" class=\"alignnone wp-image-1835 aligncenter\" src=\"https:\/\/www.psd-rs.org.br\/website\/wp-content\/uploads\/2026\/01\/JoelMetz-300x293.png\" alt=\"\" width=\"210\" height=\"205\" srcset=\"https:\/\/www.psd-rs.org.br\/website\/wp-content\/uploads\/2026\/01\/JoelMetz-300x293.png 300w, https:\/\/www.psd-rs.org.br\/website\/wp-content\/uploads\/2026\/01\/JoelMetz.png 378w\" sizes=\"(max-width: 210px) 100vw, 210px\" \/><\/p>\n<p style=\"text-align: center;\"><strong>PRESIDENTE LUCENA<\/strong><br \/>\nJoel Luis Metz<\/p>\n<p style=\"text-align: center;\"><img loading=\"lazy\" decoding=\"async\" class=\"wp-image-970 aligncenter\" src=\"https:\/\/www.psd-rs.org.br\/website\/wp-content\/uploads\/2025\/01\/PUTINGA_marina-272x300.png\" alt=\"\" width=\"181\" height=\"199\" srcset=\"https:\/\/www.psd-rs.org.br\/website\/wp-content\/uploads\/2025\/01\/PUTINGA_marina-272x300.png 272w, https:\/\/www.psd-rs.org.br\/website\/wp-content\/uploads\/2025\/01\/PUTINGA_marina.png 363w\" sizes=\"(max-width: 181px) 100vw, 181px\" \/><\/p>\n<p style=\"text-align: center;\"><strong>PUTINGA<\/strong><br \/>\nMarina Bertuol<\/p>\n<p><img loading=\"lazy\" decoding=\"async\" class=\"alignnone wp-image-1837 aligncenter\" src=\"https:\/\/www.psd-rs.org.br\/website\/wp-content\/uploads\/2026\/01\/gilvan_mustchall-300x246.png\" alt=\"\" width=\"234\" height=\"192\" srcset=\"https:\/\/www.psd-rs.org.br\/website\/wp-content\/uploads\/2026\/01\/gilvan_mustchall-300x246.png 300w, https:\/\/www.psd-rs.org.br\/website\/wp-content\/uploads\/2026\/01\/gilvan_mustchall.png 321w\" sizes=\"(max-width: 234px) 100vw, 234px\" \/><\/p>\n<p style=\"text-align: center;\"><strong>QUATRO IRM\u00c3OS<\/strong><br \/>\nGilvan Mustchall<\/p>\n<p><img loading=\"lazy\" decoding=\"async\" class=\"alignnone wp-image-1839 aligncenter\" src=\"https:\/\/www.psd-rs.org.br\/website\/wp-content\/uploads\/2026\/01\/arthur-henrique-klein-300x287.png\" alt=\"\" width=\"209\" height=\"200\" srcset=\"https:\/\/www.psd-rs.org.br\/website\/wp-content\/uploads\/2026\/01\/arthur-henrique-klein-300x287.png 300w, https:\/\/www.psd-rs.org.br\/website\/wp-content\/uploads\/2026\/01\/arthur-henrique-klein.png 378w\" sizes=\"(max-width: 209px) 100vw, 209px\" \/><\/p>\n<p style=\"text-align: center;\"><strong>ROLANTE<\/strong><br \/>\nArthur Henrique Klein<\/p>\n<p style=\"text-align: center;\"><img loading=\"lazy\" decoding=\"async\" class=\"wp-image-971 aligncenter\" src=\"https:\/\/www.psd-rs.org.br\/website\/wp-content\/uploads\/2025\/01\/SANDRA-WEBER-300x275.png\" alt=\"\" width=\"200\" height=\"183\" srcset=\"https:\/\/www.psd-rs.org.br\/website\/wp-content\/uploads\/2025\/01\/SANDRA-WEBER-300x275.png 300w, https:\/\/www.psd-rs.org.br\/website\/wp-content\/uploads\/2025\/01\/SANDRA-WEBER-768x704.png 768w, https:\/\/www.psd-rs.org.br\/website\/wp-content\/uploads\/2025\/01\/SANDRA-WEBER.png 819w\" sizes=\"(max-width: 200px) 100vw, 200px\" \/><\/p>\n<p style=\"text-align: center;\"><strong>S\u00c3O GABRIEL<\/strong><br \/>\nSandra Weber<\/p>\n<p style=\"text-align: center;\"><img loading=\"lazy\" decoding=\"async\" class=\"wp-image-972 aligncenter\" src=\"https:\/\/www.psd-rs.org.br\/website\/wp-content\/uploads\/2025\/01\/LAERTE-JUNGES-fotor-bg-remover-2025010220211-e1735858950986-250x300.png\" alt=\"\" width=\"167\" height=\"200\" srcset=\"https:\/\/www.psd-rs.org.br\/website\/wp-content\/uploads\/2025\/01\/LAERTE-JUNGES-fotor-bg-remover-2025010220211-e1735858950986-250x300.png 250w, https:\/\/www.psd-rs.org.br\/website\/wp-content\/uploads\/2025\/01\/LAERTE-JUNGES-fotor-bg-remover-2025010220211-e1735858950986.png 357w\" sizes=\"(max-width: 167px) 100vw, 167px\" \/><\/p>\n<p style=\"text-align: center;\"><strong>S\u00c3O JOS\u00c9 DO SUL<\/strong><br \/>\nLaerte Junges<\/p>\n<p><img loading=\"lazy\" decoding=\"async\" class=\"alignnone size-full wp-image-1841 aligncenter\" src=\"https:\/\/www.psd-rs.org.br\/website\/wp-content\/uploads\/2026\/01\/douglas-glauton-fitz.png\" alt=\"\" width=\"161\" height=\"174\" \/><\/p>\n<p style=\"text-align: center;\"><strong>SENADOR SALGADO FILHO<\/strong><br \/>\nDouglas Glauton Fitz<\/p>\n<p><img loading=\"lazy\" decoding=\"async\" class=\"alignnone size-full wp-image-1842 aligncenter\" src=\"https:\/\/www.psd-rs.org.br\/website\/wp-content\/uploads\/2026\/01\/vanderlei-fredrich.png\" alt=\"\" width=\"161\" height=\"169\" \/><\/p>\n<p style=\"text-align: center;\"><strong>SINIMBU<\/strong><br \/>\nVanderlei Fredrich<\/p>\n<p><img loading=\"lazy\" decoding=\"async\" class=\"alignnone  wp-image-1844 aligncenter\" src=\"https:\/\/www.psd-rs.org.br\/website\/wp-content\/uploads\/2026\/01\/ricardo-pizzi.png\" alt=\"\" width=\"151\" height=\"198\" \/><\/p>\n<p style=\"text-align: center;\"><strong>TRINDADE DO SUL<\/strong><br \/>\nRicardo Pizzi<\/p>\n<p style=\"text-align: center;\"><img loading=\"lazy\" decoding=\"async\" class=\"wp-image-973 aligncenter\" src=\"https:\/\/www.psd-rs.org.br\/website\/wp-content\/uploads\/2025\/01\/uniaodaserra_MAURICIO-300x262.png\" alt=\"\" width=\"176\" height=\"154\" srcset=\"https:\/\/www.psd-rs.org.br\/website\/wp-content\/uploads\/2025\/01\/uniaodaserra_MAURICIO-300x262.png 300w, https:\/\/www.psd-rs.org.br\/website\/wp-content\/uploads\/2025\/01\/uniaodaserra_MAURICIO.png 349w\" sizes=\"(max-width: 176px) 100vw, 176px\" \/><\/p>\n<p style=\"text-align: center;\"><b>UNI\u00c3O DA SERRA<br \/>\n<\/b>Maur\u00edcio Lazzaretti<\/p>\n<p style=\"text-align: center;\"><img loading=\"lazy\" decoding=\"async\" class=\"wp-image-974 aligncenter\" src=\"https:\/\/www.psd-rs.org.br\/website\/wp-content\/uploads\/2025\/01\/JOAO-MEZETTO-fotor-bg-remover-20250102201257-256x300.png\" alt=\"\" width=\"168\" height=\"197\" srcset=\"https:\/\/www.psd-rs.org.br\/website\/wp-content\/uploads\/2025\/01\/JOAO-MEZETTO-fotor-bg-remover-20250102201257-256x300.png 256w, https:\/\/www.psd-rs.org.br\/website\/wp-content\/uploads\/2025\/01\/JOAO-MEZETTO-fotor-bg-remover-20250102201257.png 425w\" sizes=\"(max-width: 168px) 100vw, 168px\" \/><\/p>\n<p style=\"text-align: center;\"><strong>VERAN\u00d3POLIS<\/strong><br \/>\nJo\u00e3o Mazetto<\/p>\n","protected":false},"excerpt":{"rendered":"<p>BAR\u00c3O DE COTEGIPE Lauri Sperotto BOM PROGRESSO Douglas Diesel CAMBAR\u00c1 DO SUL Hailton Boeira CANDIOTA Marcelo Greg\u00f3rio CAP\u00c3O DO LE\u00c3O [&hellip;]<\/p>\n","protected":false},"author":1,"featured_media":0,"parent":0,"menu_order":0,"comment_status":"closed","ping_status":"closed","template":"","meta":{"footnotes":""},"class_list":["post-228","page","type-page","status-publish","hentry"],"_links":{"self":[{"href":"https:\/\/www.psd-rs.org.br\/website\/wp-json\/wp\/v2\/pages\/228"}],"collection":[{"href":"https:\/\/www.psd-rs.org.br\/website\/wp-json\/wp\/v2\/pages"}],"about":[{"href":"https:\/\/www.psd-rs.org.br\/website\/wp-json\/wp\/v2\/types\/page"}],"author":[{"embeddable":true,"href":"https:\/\/www.psd-rs.org.br\/website\/wp-json\/wp\/v2\/users\/1"}],"replies":[{"embeddable":true,"href":"https:\/\/www.psd-rs.org.br\/website\/wp-json\/wp\/v2\/comments?post=228"}],"version-history":[{"count":18,"href":"https:\/\/www.psd-rs.org.br\/website\/wp-json\/wp\/v2\/pages\/228\/revisions"}],"predecessor-version":[{"id":1845,"href":"https:\/\/www.psd-rs.org.br\/website\/wp-json\/wp\/v2\/pages\/228\/revisions\/1845"}],"wp:attachment":[{"href":"https:\/\/www.psd-rs.org.br\/website\/wp-json\/wp\/v2\/media?parent=228"}],"curies":[{"name":"wp","href":"https:\/\/api.w.org\/{rel}","templated":true}]}}