{"id":197,"date":"2024-06-27T21:57:22","date_gmt":"2024-06-28T00:57:22","guid":{"rendered":"https:\/\/www.psd-rs.org.br\/website\/?page_id=197"},"modified":"2024-07-24T23:24:32","modified_gmt":"2024-07-25T02:24:32","slug":"o-psd","status":"publish","type":"page","link":"https:\/\/www.psd-rs.org.br\/website\/o-psd\/","title":{"rendered":"O PSD"},"content":{"rendered":"<div class=\"elementor-element elementor-element-7858ff09 pp-dual-heading-inline-block elementor-widget elementor-widget-pp-dual-heading\" data-id=\"7858ff09\" data-element_type=\"widget\" data-widget_type=\"pp-dual-heading.default\">\n<div class=\"elementor-widget-container\">\n<h3 class=\"pp-dual-heading\"><span style=\"color: #000000;\"><strong><span class=\"pp-second-text\">PRINC\u00cdPIOS E VALORES<\/span><\/strong><\/span><\/h3>\n<hr \/>\n<\/div>\n<\/div>\n<div class=\"elementor-element elementor-element-6f5f6c9 elementor-widget elementor-widget-divider\" data-id=\"6f5f6c9\" data-element_type=\"widget\" data-widget_type=\"divider.default\">\n<div class=\"elementor-widget-container\">\n<div><\/div>\n<div class=\"elementor-divider\"><span style=\"color: #000000;\"><em>Em ato p\u00fablico em S\u00e3o Paulo, em 22 de mar\u00e7o de 2011, foram anunciadas pela primeira vez algumas diretrizes em torno das quais se uniriam for\u00e7as pol\u00edticas de todas o Pa\u00eds para a forma\u00e7\u00e3o do Partido Social Democr\u00e1tico.<\/em><\/span><\/div>\n<\/div>\n<\/div>\n<div class=\"elementor-element elementor-element-650b0c5 elementor-widget elementor-widget-text-editor\" data-id=\"650b0c5\" data-element_type=\"widget\" data-widget_type=\"text-editor.default\">\n<div class=\"elementor-widget-container\">\n<div class=\"elementor-text-editor elementor-clearfix\">\n<p><span style=\"color: #000000;\"><em>Redigido pelo ent\u00e3o vice-governador de S\u00e3o Paulo, Guilherme Afif, e lido por ele mesmo naquele dia, esse documento de quatro p\u00e1ginas continha as linhas gerais de atua\u00e7\u00e3o do futuro PSD, que foram reafirmadas, dias depois, no lan\u00e7amento nacional do partido, em Salvador, na Bahia.\u00a0<\/em><em>Seis meses depois, em 28 de setembro, ap\u00f3s receber do Tribunal Superior Eleitoral a sua certid\u00e3o de nascimento, o PSD divulgou um Manifesto \u00e0 Na\u00e7\u00e3o.<\/em><\/span><br \/>\n<span style=\"color: #000000;\"><em>Lido em Bras\u00edlia pelo presidente nacional, Gilberto Kassab, o manifesto consolida os princ\u00edpios e valores que, acima e al\u00e9m de carimbos ideol\u00f3gicos, s\u00e3o defendidos pelo PSD, indicam seus rumos e orientam suas a\u00e7\u00f5es.<\/em><\/span><\/p>\n<p>&nbsp;<\/p>\n<p><a class=\"button\" style=\"background-color: #0056ab;\" href=\"https:\/\/www.psd-rs.org.br\/website\/as-diretrizes-iniciais-do-psd\/\">Diretrizes Iniciais do Partido<\/a><\/p>\n<\/div>\n<div class=\"elementor-text-editor elementor-clearfix\">\n<p>&nbsp;<\/p>\n<ul>\n<li><span style=\"color: #000000;\">O partido Social Democr\u00e1tico tem posi\u00e7\u00e3o clara na defesa das liberdades de express\u00e3o e opini\u00e3o e ao direito do cidad\u00e3o \u00e0 informa\u00e7\u00e3o. Somos, por convic\u00e7\u00e3o e princ\u00edpio, contra qualquer tipo de censura, controle, restri\u00e7\u00e3o ou regulamenta\u00e7\u00e3o da m\u00eddia.<\/span><\/li>\n<li><span style=\"color: #000000;\">O PSD ser\u00e1 tamb\u00e9m intransigente na condena\u00e7\u00e3o e den\u00fancia p\u00fablica da corrup\u00e7\u00e3o e dos malfeitos. Est\u00e1 ao lado da sociedade, do trabalhador, dos jovens, da fam\u00edlia brasileira que exigem respeito ao dinheiro p\u00fablico e comportamento \u00e9tico, coer\u00eancia e honestidade de seus governantes e da classe pol\u00edtica.<\/span><\/li>\n<li><span style=\"color: #000000;\">O exerc\u00edcio da pol\u00edtica tem de ser respons\u00e1vel, transparente, n\u00e3o comporta conluios, conchavos ou sombras.<\/span><\/li>\n<li><span style=\"color: #000000;\">O PSD defende o voto distrital, com introdu\u00e7\u00e3o gradual, inicialmente nos 85 munic\u00edpios com 200 mil ou mais eleitores onde hoje h\u00e1 segundo turno.<\/span><\/li>\n<li><span style=\"color: #000000;\">Defendemos a iniciativa e a propriedade privadas, a economia de mercado como o regime capaz de gerar riqueza e desenvolvimento, sem os quais n\u00e3o se erradica a pobreza. Acreditamos num estado forte, regulador, mas democr\u00e1tico e centrado nas suas prioridades sociais.<\/span><\/li>\n<li><span style=\"color: #000000;\">Apoiamos as pol\u00edticas sociais aos que mais precisam do amparo do estado, e a necessidade de abrir as portas de entrada do emprego digno para esses cidad\u00e3os. Devemos isso ao Brasil que quer e precisa se modernizar, se tornar mais \u00e1gil, se libertar das impossibilidades e oferecer, de verdade, igualdade de oportunidade aos que querem se profissionalizar, gerir seu pr\u00f3prio neg\u00f3cio e vencer na vida. O PSD contar\u00e1 com a experi\u00eancia de algumas das mais importantes lideran\u00e7as sindicais do Brasil para\u00a0 defender pol\u00edticas de inclus\u00e3o social e desenvolvimento trabalhista.<\/span><\/li>\n<li><span style=\"color: #000000;\">O PSD aposta na agricultura e na pecu\u00e1ria \u2013 como parte da cadeia produtiva do agroneg\u00f3cio \u2013 que libertou do atraso hist\u00f3rico as popula\u00e7\u00f5es do campo, transformando antigos propriet\u00e1rios rurais em empres\u00e1rios e criando uma nova classe de trabalhadores especializados e valorizados. Mas fazemos quest\u00e3o de lembrar e valorizar a multid\u00e3o de pequenos produtores, uma classe batalhadora que carrega o Brasil nas costas.<\/span><\/li>\n<li><span style=\"color: #000000;\">O PSD apoia e defende a preserva\u00e7\u00e3o do meio ambiente como fator de sobreviv\u00eancia do homem e da pr\u00f3pria vida do planeta. \u00c9 poss\u00edvel alargar as fronteiras da produ\u00e7\u00e3o, de maneira sustent\u00e1vel e respons\u00e1vel.<\/span><\/li>\n<li><span style=\"color: #000000;\">O PSD exige a exposi\u00e7\u00e3o clara, em todos os produtos comercializados, de todos os impostos ocultos nos pre\u00e7os dos bens e servi\u00e7os, para que o cidad\u00e3o saiba o que paga e o que tem direito a receber de volta do Estado. Pago, logo exijo: esse \u00e9 o cidad\u00e3o alerta e ativo que queremos.<\/span><\/li>\n<li><span style=\"color: #000000;\">O PSD n\u00e3o far\u00e1 oposi\u00e7\u00e3o pela oposi\u00e7\u00e3o. Faremos pol\u00edtica para ajudar o Brasil. Nossos advers\u00e1rios n\u00e3o s\u00e3o inimigos a eliminar, mas cidad\u00e3os com os quais vamos dialogar, sem viol\u00eancias ou radicalismos.<\/span><\/li>\n<li><span style=\"color: #000000;\">Temos democracia, direitos, liberdade, conquistas e avan\u00e7os sociais. Nossa Constitui\u00e7\u00e3o est\u00e1 a\u00ed, em pleno funcionamento. Mas temos ainda enormes desigualdades sociais, fome e injusti\u00e7as.<\/span><\/li>\n<li><span style=\"color: #000000;\">Sem violentar direitos e liberdades j\u00e1 conquistados, vamos enfrentar os pontos fundamentais que est\u00e3o travando e obstruindo o desenvolvimento do Brasil. Com nossas cren\u00e7as e uma constituinte exclusiva em 2014, vamos \u00e0 luta unidos para construir um Pa\u00eds mais moderno e desenvolvido, mais \u00e9tico, justo, e solid\u00e1rio.<\/span><\/li>\n<\/ul>\n<\/div>\n<\/div>\n<\/div>\n","protected":false},"excerpt":{"rendered":"<p>PRINC\u00cdPIOS E VALORES Em ato p\u00fablico em S\u00e3o Paulo, em 22 de mar\u00e7o de 2011, foram anunciadas pela primeira vez [&hellip;]<\/p>\n","protected":false},"author":1,"featured_media":0,"parent":0,"menu_order":0,"comment_status":"closed","ping_status":"closed","template":"","meta":{"footnotes":""},"class_list":["post-197","page","type-page","status-publish","hentry"],"_links":{"self":[{"href":"https:\/\/www.psd-rs.org.br\/website\/wp-json\/wp\/v2\/pages\/197"}],"collection":[{"href":"https:\/\/www.psd-rs.org.br\/website\/wp-json\/wp\/v2\/pages"}],"about":[{"href":"https:\/\/www.psd-rs.org.br\/website\/wp-json\/wp\/v2\/types\/page"}],"author":[{"embeddable":true,"href":"https:\/\/www.psd-rs.org.br\/website\/wp-json\/wp\/v2\/users\/1"}],"replies":[{"embeddable":true,"href":"https:\/\/www.psd-rs.org.br\/website\/wp-json\/wp\/v2\/comments?post=197"}],"version-history":[{"count":9,"href":"https:\/\/www.psd-rs.org.br\/website\/wp-json\/wp\/v2\/pages\/197\/revisions"}],"predecessor-version":[{"id":554,"href":"https:\/\/www.psd-rs.org.br\/website\/wp-json\/wp\/v2\/pages\/197\/revisions\/554"}],"wp:attachment":[{"href":"https:\/\/www.psd-rs.org.br\/website\/wp-json\/wp\/v2\/media?parent=197"}],"curies":[{"name":"wp","href":"https:\/\/api.w.org\/{rel}","templated":true}]}}